{"id":337,"date":"2022-09-14T13:49:18","date_gmt":"2022-09-14T13:49:18","guid":{"rendered":"https:\/\/schnappdeinpreis.de\/?page_id=337"},"modified":"2022-09-14T13:49:20","modified_gmt":"2022-09-14T13:49:20","slug":"337-2","status":"publish","type":"page","link":"https:\/\/schnappdeinpreis.de\/Startseite\/337-2\/","title":{"rendered":""},"content":{"rendered":"<p>[et_pb_section fb_built=&#8220;1&#8243; admin_label=&#8220;Hero Section&#8220; _builder_version=&#8220;3.22&#8243; use_background_color_gradient=&#8220;on&#8220; background_color_gradient_start=&#8220;#ff6a88&#8243; background_color_gradient_end=&#8220;#ff99ac&#8220; background_color_gradient_direction=&#8220;131deg&#8220; custom_padding=&#8220;80px|||&#8220; animation_style=&#8220;slide&#8220; animation_direction=&#8220;top&#8220; animation_intensity_slide=&#8220;2%&#8220; animation_starting_opacity=&#8220;100%&#8220; box_shadow_style=&#8220;preset7&#8243; box_shadow_horizontal=&#8220;0px&#8220; box_shadow_vertical=&#8220;-120px&#8220; box_shadow_color=&#8220;#ffffff&#8220; locked=&#8220;off&#8220; global_colors_info=&#8220;{}&#8220; theme_builder_area=&#8220;post_content&#8220;][et_pb_row column_structure=&#8220;1_2,1_2&#8243; _builder_version=&#8220;3.25&#8243; background_size=&#8220;initial&#8220; background_position=&#8220;top_left&#8220; background_repeat=&#8220;repeat&#8220; custom_padding=&#8220;|||&#8220; custom_width_px=&#8220;1440px&#8220; global_colors_info=&#8220;{}&#8220; theme_builder_area=&#8220;post_content&#8220;][et_pb_column type=&#8220;1_2&#8243; _builder_version=&#8220;3.25&#8243; custom_padding=&#8220;|||&#8220; global_colors_info=&#8220;{}&#8220; custom_padding__hover=&#8220;|||&#8220; theme_builder_area=&#8220;post_content&#8220;][et_pb_divider color=&#8220;#f7d584&#8243; divider_weight=&#8220;3px&#8220; disabled_on=&#8220;on|on|off&#8220; _builder_version=&#8220;3.2&#8243; max_width=&#8220;80px&#8220; module_alignment=&#8220;left&#8220; height=&#8220;10px&#8220; custom_margin=&#8220;||20px|&#8220; animation_style=&#8220;slide&#8220; animation_direction=&#8220;bottom&#8220; saved_tabs=&#8220;all&#8220; locked=&#8220;off&#8220; global_colors_info=&#8220;{}&#8220; theme_builder_area=&#8220;post_content&#8220;][\/et_pb_divider][et_pb_text _builder_version=&#8220;3.27.4&#8243; text_font=&#8220;Poppins||||||||&#8220; text_text_color=&#8220;rgba(255,255,255,0.8)&#8220; text_font_size=&#8220;18px&#8220; text_line_height=&#8220;1.8em&#8220; header_font=&#8220;||||||||&#8220; locked=&#8220;off&#8220; global_colors_info=&#8220;{}&#8220; theme_builder_area=&#8220;post_content&#8220;][\/et_pb_text][et_pb_text _builder_version=&#8220;4.14.7&#8243; _module_preset=&#8220;default&#8220; theme_builder_area=&#8220;post_content&#8220; hover_enabled=&#8220;0&#8243; sticky_enabled=&#8220;0&#8243;]<\/p>\n<p><span style=\"font-size: xx-large;\"><strong>Adventskalender Challenge\u00a0<\/strong><\/span><\/p>\n<p>[\/et_pb_text][\/et_pb_column][et_pb_column type=&#8220;1_2&#8243; _builder_version=&#8220;3.25&#8243; custom_padding=&#8220;|||&#8220; global_colors_info=&#8220;{}&#8220; custom_padding__hover=&#8220;|||&#8220; theme_builder_area=&#8220;post_content&#8220;][et_pb_image src=&#8220;https:\/\/schnappdeinpreis.de\/wp-content\/uploads\/2022\/09\/Kalender-q-scaled.jpg&#8220; _builder_version=&#8220;4.14.7&#8243; _module_preset=&#8220;default&#8220; theme_builder_area=&#8220;post_content&#8220; title_text=&#8220;Kalender q&#8220; hover_enabled=&#8220;0&#8243; sticky_enabled=&#8220;0&#8243;][\/et_pb_image][\/et_pb_column][\/et_pb_row][\/et_pb_section][et_pb_section fb_built=&#8220;1&#8243; disabled_on=&#8220;off|off|off&#8220; admin_label=&#8220;Blog Section&#8220; _builder_version=&#8220;3.22&#8243; background_position=&#8220;top_center&#8220; locked=&#8220;off&#8220; global_colors_info=&#8220;{}&#8220; theme_builder_area=&#8220;post_content&#8220;][et_pb_row _builder_version=&#8220;3.25&#8243; background_size=&#8220;initial&#8220; background_position=&#8220;top_left&#8220; background_repeat=&#8220;repeat&#8220; global_colors_info=&#8220;{}&#8220; theme_builder_area=&#8220;post_content&#8220;][et_pb_column type=&#8220;4_4&#8243; _builder_version=&#8220;3.25&#8243; custom_padding=&#8220;|||&#8220; global_colors_info=&#8220;{}&#8220; custom_padding__hover=&#8220;|||&#8220; theme_builder_area=&#8220;post_content&#8220;][et_pb_text _builder_version=&#8220;3.27.4&#8243; text_font=&#8220;||||||||&#8220; header_font=&#8220;||||||||&#8220; header_2_font=&#8220;Playfair Display|700|||||||&#8220; header_2_text_align=&#8220;center&#8220; header_2_text_color=&#8220;#2b2b2b&#8220; header_2_font_size=&#8220;42px&#8220; header_2_line_height=&#8220;1.5em&#8220; background_size=&#8220;initial&#8220; background_position=&#8220;top_left&#8220; background_repeat=&#8220;repeat&#8220; text_orientation=&#8220;center&#8220; module_alignment=&#8220;center&#8220; custom_margin=&#8220;||10px|&#8220; locked=&#8220;off&#8220; global_colors_info=&#8220;{}&#8220; theme_builder_area=&#8220;post_content&#8220;]<\/p>\n<h2>Was steckt wirklich drin ?\u00a0<\/h2>\n<p>[\/et_pb_text][et_pb_text _builder_version=&#8220;4.14.7&#8243; _module_preset=&#8220;default&#8220; theme_builder_area=&#8220;post_content&#8220; hover_enabled=&#8220;0&#8243; sticky_enabled=&#8220;0&#8243;]<\/p>\n<p class=\"m_-6751319059954987714p2\"><span>Wir schauen, in die Adventskalender und zeigen euch was \u00a0drin steckt,<span class=\"m_-6751319059954987714apple-converted-space\">\u00a0<\/span><u><\/u><u><\/u><\/span><\/p>\n<p class=\"m_-6751319059954987714p2\"><span>Ist jeder Adventskalender sein Geld wert?<span class=\"m_-6751319059954987714apple-converted-space\">\u00a0<\/span><u><\/u><u><\/u><\/span><\/p>\n<p class=\"m_-6751319059954987714p2\">\n<p class=\"m_-6751319059954987714p2\"><span>Lohnt sich der Kauf oder ist es doch nur ein sch\u00f6ner Schein mit viel<span class=\"m_-6751319059954987714apple-converted-space\">\u00a0<\/span><span class=\"m_-6751319059954987714spelle\">TamTam<\/span>?<span class=\"m_-6751319059954987714apple-converted-space\">\u00a0\u00a0<\/span><\/span><\/p>\n<p class=\"m_-6751319059954987714p2\"><span><span class=\"m_-6751319059954987714apple-converted-space\"><\/span><\/span><\/p>\n<p class=\"m_-6751319059954987714p2\"><span><span class=\"m_-6751319059954987714apple-converted-space\">Es gibt mittlerweile f\u00fcr alles einen Adventskalender aber oft stell ich mir die Frage ist der Kalender wirklich 100 \u20ac wert? Oder ist es nur wieder Marketing und ein tolles Design und am Ende steckt nur hei\u00dfe Luft drin? In Zeiten wo man jeden Euro zweimal umdrehen muss wollt ihr wissen was drin steckt? Ich verrate es euch und \u00f6ffne jeden Adventskalender f\u00fcr euch schon vor Weihnachten und ihr k\u00f6nnt entscheiden ob sich der Kauf f\u00fcr euch lohnt. Viel Spass bei der gro\u00dfen Adventskalender Challenge\u00a0<\/span><\/span><\/p>\n<p>[\/et_pb_text][et_pb_divider color=&#8220;#f7d584&#8243; divider_weight=&#8220;3px&#8220; disabled_on=&#8220;on|on|off&#8220; _builder_version=&#8220;3.2&#8243; max_width=&#8220;80px&#8220; module_alignment=&#8220;center&#8220; height=&#8220;10px&#8220; custom_margin=&#8220;||20px|&#8220; animation_style=&#8220;slide&#8220; animation_direction=&#8220;bottom&#8220; saved_tabs=&#8220;all&#8220; locked=&#8220;off&#8220; global_colors_info=&#8220;{}&#8220; theme_builder_area=&#8220;post_content&#8220;][\/et_pb_divider][et_pb_text _builder_version=&#8220;3.27.4&#8243; text_font=&#8220;Poppins||||||||&#8220; text_text_color=&#8220;rgba(0,0,0,0.4)&#8220; text_font_size=&#8220;16px&#8220; text_line_height=&#8220;1.9em&#8220; header_font=&#8220;||||||||&#8220; header_2_font=&#8220;||||||||&#8220; text_orientation=&#8220;center&#8220; max_width=&#8220;700px&#8220; module_alignment=&#8220;center&#8220; global_colors_info=&#8220;{}&#8220; theme_builder_area=&#8220;post_content&#8220;][\/et_pb_text][\/et_pb_column][\/et_pb_row][et_pb_row _builder_version=&#8220;3.25&#8243; background_size=&#8220;initial&#8220; background_position=&#8220;top_left&#8220; background_repeat=&#8220;repeat&#8220; global_colors_info=&#8220;{}&#8220; theme_builder_area=&#8220;post_content&#8220;][et_pb_column type=&#8220;4_4&#8243; _builder_version=&#8220;3.25&#8243; custom_padding=&#8220;|||&#8220; global_colors_info=&#8220;{}&#8220; custom_padding__hover=&#8220;|||&#8220; theme_builder_area=&#8220;post_content&#8220;][et_pb_blog fullwidth=&#8220;off&#8220; posts_number=&#8220;9&#8243; include_categories=&#8220;11&#8243; _builder_version=&#8220;4.14.7&#8243; header_font=&#8220;Playfair Display|700|||||||&#8220; header_text_color=&#8220;#1b1b22&#8243; header_font_size=&#8220;18px&#8220; header_line_height=&#8220;1.5em&#8220; body_font=&#8220;Poppins||||||||&#8220; body_text_color=&#8220;rgba(0,0,0,0.4)&#8220; body_line_height=&#8220;1.9em&#8220; meta_font=&#8220;Poppins|600||on|||||&#8220; meta_text_color=&#8220;rgba(0,0,0,0.2)&#8220; meta_font_size=&#8220;12px&#8220; meta_line_height=&#8220;1.8em&#8220; pagination_font=&#8220;||||||||&#8220; animation_style=&#8220;fade&#8220; hover_enabled=&#8220;0&#8243; border_width_all=&#8220;0px&#8220; border_color_all=&#8220;#d8d8d8&#8243; border_style_all=&#8220;solid&#8220; border_width_all_fullwidth=&#8220;0px&#8220; border_color_all_fullwidth=&#8220;#d8d8d8&#8243; border_style_all_fullwidth=&#8220;solid&#8220; box_shadow_style=&#8220;preset1&#8243; box_shadow_vertical=&#8220;40px&#8220; box_shadow_blur=&#8220;50px&#8220; box_shadow_color=&#8220;rgba(0,0,0,0.05)&#8220; use_border_color=&#8220;on&#8220; border_width=&#8220;0px&#8220; global_colors_info=&#8220;{}&#8220; theme_builder_area=&#8220;post_content&#8220; sticky_enabled=&#8220;0&#8243;][\/et_pb_blog][\/et_pb_column][\/et_pb_row][\/et_pb_section]<\/p>\n","protected":false},"excerpt":{"rendered":"<p>Adventskalender Challenge\u00a0Was steckt wirklich drin ?\u00a0Wir schauen, in die Adventskalender und zeigen euch was \u00a0drin steckt,\u00a0 Ist jeder Adventskalender sein Geld wert?\u00a0 Lohnt sich der Kauf oder ist es doch nur ein sch\u00f6ner Schein mit viel\u00a0TamTam?\u00a0\u00a0 Es gibt mittlerweile f\u00fcr alles einen Adventskalender aber oft stell ich mir die Frage ist der Kalender wirklich 100 [&hellip;]<\/p>\n","protected":false},"author":1,"featured_media":0,"parent":0,"menu_order":0,"comment_status":"closed","ping_status":"closed","template":"","meta":{"_et_pb_use_builder":"on","_et_pb_old_content":"","_et_gb_content_width":""},"_links":{"self":[{"href":"https:\/\/schnappdeinpreis.de\/Startseite\/wp-json\/wp\/v2\/pages\/337"}],"collection":[{"href":"https:\/\/schnappdeinpreis.de\/Startseite\/wp-json\/wp\/v2\/pages"}],"about":[{"href":"https:\/\/schnappdeinpreis.de\/Startseite\/wp-json\/wp\/v2\/types\/page"}],"author":[{"embeddable":true,"href":"https:\/\/schnappdeinpreis.de\/Startseite\/wp-json\/wp\/v2\/users\/1"}],"replies":[{"embeddable":true,"href":"https:\/\/schnappdeinpreis.de\/Startseite\/wp-json\/wp\/v2\/comments?post=337"}],"version-history":[{"count":3,"href":"https:\/\/schnappdeinpreis.de\/Startseite\/wp-json\/wp\/v2\/pages\/337\/revisions"}],"predecessor-version":[{"id":342,"href":"https:\/\/schnappdeinpreis.de\/Startseite\/wp-json\/wp\/v2\/pages\/337\/revisions\/342"}],"wp:attachment":[{"href":"https:\/\/schnappdeinpreis.de\/Startseite\/wp-json\/wp\/v2\/media?parent=337"}],"curies":[{"name":"wp","href":"https:\/\/api.w.org\/{rel}","templated":true}]}}