{"id":113,"date":"2022-02-19T18:33:18","date_gmt":"2022-02-19T18:33:18","guid":{"rendered":"https:\/\/schnappdeinpreis.de\/?page_id=7\/?page_id=113"},"modified":"2022-02-19T18:33:19","modified_gmt":"2022-02-19T18:33:19","slug":"gewinnspielbedingungen","status":"publish","type":"page","link":"https:\/\/schnappdeinpreis.de\/Startseite\/gewinnspielbedingungen\/","title":{"rendered":"Gewinnspielbedingungen"},"content":{"rendered":"\n<p><strong>Teilnahmebedingungen<\/strong><br>Die Teilnahme am Gewinnspiel von \u201eSchnappdeinpreis\u201c&nbsp;<a href=\"http:\/\/www.claudiasblog.de\/\">www.claudiasblog.de<\/a>&nbsp;&nbsp;nachfolgend Betreiber oder Veranstalter genannt, ist kostenlos und richtet sich ausschlie\u00dflich nach diesen Teilnahmebedingungen. Die Preise werden von Sponsoren kostenlos zur Verf\u00fcgung gestellt und versendet.&nbsp;<\/p>\n\n\n\n<p><strong><br>Ablauf des Gewinnspiels<br><\/strong>Die Dauer des Gewinnspiels erstreckt sich vom&nbsp;&nbsp;innerhalb des angegebenen Zeitraum online die M\u00f6glichkeit, am Gewinnspiel teilzunehmen.<\/p>\n\n\n\n<p><strong><br>Teilnahme<br><\/strong>Um am Gewinnspiel teilzunehmen, ist ein Ausf\u00fcllen und Absenden des angezeigten Teilnahmeformulars notwendig. Die Teilnahme ist nur innerhalb des Teilnahmezeitraums m\u00f6glich. Nach Teilnahmeschluss eingehende Einsendungen werden bei der Auslosung nicht ber\u00fccksichtigt.<\/p>\n\n\n\n<p>Pro Teilnehmer nimmt nur eine \u00fcbermittelte Anmeldung am Gewinnspiel teil.&nbsp;<\/p>\n\n\n\n<p>Die Teilnahme am Gewinnspiel ist kostenlos.<\/p>\n\n\n\n<p><strong><br>Teilnahmeberechtigte<br><\/strong>Teilnahmeberechtigt sind nat\u00fcrliche Personen, die Ihren Wohnsitz in der EU (Ausnahmen werden im Gewinnspiel deklariert) und das 14. Lebensjahr vollendet haben. Die Teilnahme ist nicht auf Kunden des Veranstalters beschr\u00e4nkt und nicht vom Erwerb einer Ware oder Dienstleistung abh\u00e4ngig.<\/p>\n\n\n\n<p>Sollte ein Teilnehmer in seiner Gesch\u00e4ftsf\u00e4higkeit eingeschr\u00e4nkt sein, bedarf es der Einwilligung seines gesetzlichen Vertreters.<\/p>\n\n\n\n<p>Die Ermittlung der Gewinner erfolgt nach Teilnahmeschluss im Rahmen einer auf dem Zufallsprinzip beruhenden Verlosung unter allen Teilnehmern. Ist das Gewinnspiel mit einer Aufgabe verkn\u00fcpft, kommen ausschlie\u00dflich diejenigen Teilnehmer in die Verlosung, welche die Aufgabe korrekt durchgef\u00fchrt haben.<\/p>\n\n\n\n<p>Die Gewinner der Verlosung werden zeitnah \u00fcber eine gesonderte Email \u00fcber den Gewinn informiert.<\/p>\n\n\n\n<p>Die Aush\u00e4ndigung des Gewinns erfolgt ausschlie\u00dflich an den Gewinner oder an den gesetzlichen Vertreter des minderj\u00e4hrigen Gewinners. Ein Umtausch, eine Selbstabholung sowie eine Barauszahlung des Gewinns sind nicht m\u00f6glich.<\/p>\n\n\n\n<p>Eventuell f\u00fcr den Versand der Gewinne anfallende Kosten \u00fcbernimmt der Betreiber. Mit der Inanspruchnahme des Gewinns verbundene Zusatzkosten gehen zu Lasten des Gewinners. F\u00fcr eine etwaige Versteuerung des Gewinns ist der Gewinner selbst verantwortlich.<\/p>\n\n\n\n<p>Meldet sich der Gewinner nach zweifacher Aufforderung innerhalb einer Frist von 1 Woche nicht, kann der Gewinn auf einen anderen Teilnehmer \u00fcbertragen werden.<\/p>\n\n\n\n<p><strong><br>Beendigung des Gewinnspiels<br><\/strong>Der Veranstalter beh\u00e4lt sich ausdr\u00fccklich vor, das Gewinnspiel ohne vorherige Ank\u00fcndigung und ohne Mitteilung von Gr\u00fcnden zu beenden. Dies gilt insbesondere f\u00fcr jegliche Gr\u00fcnde, die einen planm\u00e4\u00dfigen Ablauf des Gewinnspiels st\u00f6ren oder verhindern w\u00fcrden.<\/p>\n\n\n\n<p><strong><br>Datenschutz<br><\/strong>F\u00fcr die Teilnahme am Gewinnspiel ist die Angabe von pers\u00f6nlichen Daten notwendig. Der Teilnehmer versichert, dass die von ihm gemachten Angaben zur Person, insbesondere Vor-, Nachname und Emailadresse wahrheitsgem\u00e4\u00df und richtig sind.<\/p>\n\n\n\n<p>Der Veranstalter weist darauf hin, dass s\u00e4mtliche personenbezogenen Daten des Teilnehmers ohne Einverst\u00e4ndnis weder an Dritte weitergegeben noch diesen zur Nutzung \u00fcberlassen werden.<\/p>\n\n\n\n<p>Eine Ausnahme stellt das f\u00fcr die Durchf\u00fchrung des Gewinnspiels beauftragte Unternehmen dar, welches die Daten zum Zwecke der Durchf\u00fchrung des Gewinnspiels erheben, speichern und nutzen wird.<\/p>\n\n\n\n<p>Im Falle eines Gewinns, erkl\u00e4rt sich der Gewinner mit der Ver\u00f6ffentlichung seines Namens und Wohnorts in den vom Veranstalter genutzten Werbemedien einverstanden. Dies schlie\u00dft die Bekanntgabe des Gewinners auf der Webseite des Betreibers und seinen Social Media Plattformen mit ein.<\/p>\n\n\n\n<p>Der Teilnehmer kann seine erkl\u00e4rte Einwilligung jederzeit widerrufen per email.&nbsp;<\/p>\n","protected":false},"excerpt":{"rendered":"<p>TeilnahmebedingungenDie Teilnahme am Gewinnspiel von \u201eSchnappdeinpreis\u201c&nbsp;www.claudiasblog.de&nbsp;&nbsp;nachfolgend Betreiber oder Veranstalter genannt, ist kostenlos und richtet sich ausschlie\u00dflich nach diesen Teilnahmebedingungen. Die Preise werden von Sponsoren kostenlos zur Verf\u00fcgung gestellt und versendet.&nbsp; Ablauf des GewinnspielsDie Dauer des Gewinnspiels erstreckt sich vom&nbsp;&nbsp;innerhalb des angegebenen Zeitraum online die M\u00f6glichkeit, am Gewinnspiel teilzunehmen. TeilnahmeUm am Gewinnspiel teilzunehmen, ist ein Ausf\u00fcllen [&hellip;]<\/p>\n","protected":false},"author":1,"featured_media":0,"parent":0,"menu_order":0,"comment_status":"closed","ping_status":"closed","template":"","meta":{"_et_pb_use_builder":"off","_et_pb_old_content":"","_et_gb_content_width":""},"_links":{"self":[{"href":"https:\/\/schnappdeinpreis.de\/Startseite\/wp-json\/wp\/v2\/pages\/113"}],"collection":[{"href":"https:\/\/schnappdeinpreis.de\/Startseite\/wp-json\/wp\/v2\/pages"}],"about":[{"href":"https:\/\/schnappdeinpreis.de\/Startseite\/wp-json\/wp\/v2\/types\/page"}],"author":[{"embeddable":true,"href":"https:\/\/schnappdeinpreis.de\/Startseite\/wp-json\/wp\/v2\/users\/1"}],"replies":[{"embeddable":true,"href":"https:\/\/schnappdeinpreis.de\/Startseite\/wp-json\/wp\/v2\/comments?post=113"}],"version-history":[{"count":1,"href":"https:\/\/schnappdeinpreis.de\/Startseite\/wp-json\/wp\/v2\/pages\/113\/revisions"}],"predecessor-version":[{"id":114,"href":"https:\/\/schnappdeinpreis.de\/Startseite\/wp-json\/wp\/v2\/pages\/113\/revisions\/114"}],"wp:attachment":[{"href":"https:\/\/schnappdeinpreis.de\/Startseite\/wp-json\/wp\/v2\/media?parent=113"}],"curies":[{"name":"wp","href":"https:\/\/api.w.org\/{rel}","templated":true}]}}